{"id":81,"date":"2016-08-23T13:20:52","date_gmt":"2016-08-23T13:20:52","guid":{"rendered":"http:\/\/hotel-ciudaddelogrono.com\/politica-de-cookies\/"},"modified":"2020-11-23T11:13:35","modified_gmt":"2020-11-23T11:13:35","slug":"politica-de-cookies","status":"publish","type":"page","link":"https:\/\/hotel-puertadeespana.com\/en\/cookies-policy\/","title":{"rendered":"Cookies Policy"},"content":{"rendered":"<p>[vc_row][vc_column][vc_column_text]<\/p>\n<p>En cumplimiento de la Ley 34\/2002 de 11 de julio de Servicios de la Sociedad de la Informaci\u00f3n y Comercio Electr\u00f3nico, le informamos que este sitio web utiliza cookies para recordar los h\u00e1bitos de navegaci\u00f3n en nuestro sitio web, las preferencias y configuraciones de visualizaci\u00f3n.<\/p>\n<p>Las cookies son archivos que se pueden descargar en su equipo a trav\u00e9s de las p\u00e1ginas web. Son herramientas que tienen un papel esencial para la prestaci\u00f3n de numerosos servicios de la sociedad de la informaci\u00f3n. Entre otros, permiten a una p\u00e1gina web almacenar y recuperar informaci\u00f3n sobre los h\u00e1bitos de navegaci\u00f3n de un usuario o de su equipo y, dependiendo de la informaci\u00f3n obtenida, se pueden utilizar para mejorar el servicio ofrecido.<\/p>\n<h3>TIPOS DE COOKIES<\/h3>\n<p>Seg\u00fan quien sea la entidad que gestione el dominio desde donde se env\u00edan las cookies y tratan los datos que se obtengan se pueden distinguir dos tipos: cookies propias y cookies de terceros. Teniendo en cuenta el plazo de tiempo que permanecen almacenadas en el navegador del usuario, se pueden tratar de cookies de sesi\u00f3n o cookies persistentes.<\/p>\n<p>Y por \u00faltimo, seg\u00fan la finalidad para la que se traten los datos obtenidos distinguimos entre cookies t\u00e9cnicas, cookies de personalizaci\u00f3n, cookies de an\u00e1lisis, cookies publicitarias y cookies de publicidad comportamental.<\/p>\n<p>Para m\u00e1s informaci\u00f3n a este respecto puede consultar la Gu\u00eda sobre el uso de cookies de la Agencia Espa\u00f1ola de Protecci\u00f3n de Datos.<\/p>\n<h3>COOKIES UTILIZADAS EN NUESTRA WEB<\/h3>\n<h4>Cookies propias estrictamente necesarias<\/h4>\n<p><strong>Cookies propias<\/strong><\/p>\n<ul>\n<li>qtrans_front_language: Cookie propia persistente. Se utiliza para recordar el idioma del usuario.<\/li>\n<li>ct-ultimate-gdpr-cookie, ct-ultimate-gdpr-cookie-level: Cookie propia persistente. Se utiliza para recordar las preferencias del usuario sobre las cookies.<\/li>\n<\/ul>\n<p><strong>Cookies de Terceros<\/strong><\/p>\n<p>Este sitio web contiene enlaces a sitios web de terceros, cuyas pol\u00edticas de privacidad son ajenas a las del sitio web de pretur.com; Al acceder a tales sitios web, Usted puede decidir si acepta sus pol\u00edticas de privacidad y de cookies.<\/p>\n<ul>\n<li>bassist-session. Cookie de sesi\u00f3n de un tercero (Bookassist.com). Se utiliza para gestionar las reservas.<\/li>\n<li>SSL_JSESSIONID. Cookie de sesi\u00f3n de un tercero (Bookassist.com). Se utiliza para gestionar las reservas.<\/li>\n<li>_gat_baTr, _ga,_gid, bassist-session-uuid. Cookie persistente de un tercero (Bookassist.com). Se utiliza para gestionar las reservas.<\/li>\n<\/ul>\n<h4>Cookies Anal\u00edticas<\/h4>\n<p><strong>Google Analytics<\/strong> es un servicio de anal\u00edtica web desarrollado por Google que almacena cookies para poder\u00a0 elaborar estad\u00edsticas sobre el tr\u00e1fico y volumen de visitas a esta p\u00e1gina web.\u00a0 Google se compromete a no compartir la informaci\u00f3n con terceros, excepto en los casos en los que sea necesario para el funcionamiento del sistema o cuando la ley obligue a tal efecto. Puede encontrar m\u00e1s informaci\u00f3n al respecto en\u00a0 <a href=\"%20https:\/developers.google.com\/analytics\/devguides\/collection\/analyticsjs\/cookie-usage?hl=es\">\u00a0https:\/\/developers.google.com\/analytics\/devguides\/collection\/analyticsjs\/cookie-usage?hl=es<\/a><\/p>\n<ul>\n<li>Cookie __utma<br \/>\nTipo: anal\u00edtica de Google Analytics que registra la fecha de la primera y \u00faltima vez que el usuario visit\u00f3 el sitio web.<br \/>\nDuraci\u00f3n: caduca a los dos a\u00f1os desde la \u00faltima actualizaci\u00f3n.<\/li>\n<\/ul>\n<ul>\n<li>Cookie__utmb<br \/>\nTipo: anal\u00edtica de Google Analytics que registra la hora de llegada a la p\u00e1gina web.<br \/>\nDuraci\u00f3n: 1 d\u00eda<\/li>\n<\/ul>\n<ul>\n<li>Cookie __utmc<br \/>\nTipo: anal\u00edtica de Google Analytics utilizada para la interoperabilidad con el c\u00f3digo de seguimiento urchin.js.<br \/>\nDuraci\u00f3n: sesi\u00f3n, se elimina al cerrar el navegador.<\/li>\n<\/ul>\n<ul>\n<li>Cookie __utmt<br \/>\nTipo: anal\u00edtica de Google Analytics para procesar el tipo de solicitud pedida por el usuario.<br \/>\nDuraci\u00f3n: 1 d\u00eda<\/li>\n<\/ul>\n<ul>\n<li>Cookie __utmz<br \/>\nTipo: anal\u00edtica de Google Analytics que almacena la fuente de tr\u00e1fico o una campa\u00f1a para explicar c\u00f3mo el usuario lleg\u00f3 al sitio web.<br \/>\nDuraci\u00f3n: caduca a los seis meses desde la \u00faltima actualizaci\u00f3n.<\/li>\n<\/ul>\n<ul>\n<li>Cookie_gid: esta cookie se utiliza para almacenar informaci\u00f3n sobre c\u00f3mo los visitantes usan el sitio web. Los datos recopilados, incluido el n\u00famero de visitantes, la fuente de donde provienen y las p\u00e1ginas visitadas, aparecen de forma an\u00f3nima.<br \/>\nDuraci\u00f3n: 1 d\u00eda.<\/li>\n<\/ul>\n<ul>\n<li>Cookie_ga: esta cookie se utiliza para calcular los datos de visitantes, sesiones, campa\u00f1as y realizar un seguimiento del uso del sitio web. La cookie almacena informaci\u00f3n de forma an\u00f3nima y asigna un n\u00famero generado aleatoriamente para identificar visitantes \u00fanicos.<br \/>\nDuraci\u00f3n: 2 a\u00f1os.<\/li>\n<\/ul>\n<h3>CONFIGURACI\u00d3N Y ACEPTACI\u00d3N DE COOKIES<\/h3>\n<p>Al acceder a nuestro sitio web por primera vez, Usted ver\u00e1 una ventana d\u00f3nde se le informa de la utilizaci\u00f3n de las cookies y donde puede consultar esta \u201cPol\u00edtica de cookies\u201d. En la p\u00e1gina de entrada Usted tiene la opci\u00f3n de prestar o no su consentimiento respecto a las cookies utilizadas por esta web. En el caso de que acepte dichas cookies no se volver\u00e1 a visualizar este aviso al acceder a cualquier p\u00e1gina del portal durante la presente sesi\u00f3n.<\/p>\n<p>Con car\u00e1cter general, Usted si navega por internet puede aceptar o rechazar las cookies de terceros desde las opciones de configuraci\u00f3n de su navegador.<\/p>\n<p>Por ejemplo:<\/p>\n<ol>\n<li><strong>Internet Explorer<\/strong>: Herramientas &gt; Opciones de Internet &gt; Privacidad &gt; Configuraci\u00f3n. Para m\u00e1s informaci\u00f3n, puede consultar el soporte de Microsoft o la Ayuda del navegador.<\/li>\n<li><strong>Firefox<\/strong>: Herramientas &gt; Opciones &gt; Privacidad &gt; Historial &gt; Configuraci\u00f3n Personalizada. Para m\u00e1s informaci\u00f3n, puede consultar el soporte de Mozilla o la Ayuda del navegador.<\/li>\n<li><strong>Chrome<\/strong>: Configuraci\u00f3n &gt; Mostrar opciones avanzadas &gt; Privacidad -&gt; Configuraci\u00f3n de contenido. Para m\u00e1s informaci\u00f3n, puede consultar el soporte de Google o la Ayuda del navegador.<\/li>\n<li><strong>Safari<\/strong>: Preferencias &gt; Seguridad. Para m\u00e1s informaci\u00f3n, puede consultar el soporte de Apple o la Ayuda del navegador.<\/li>\n<li><strong>Opera<\/strong>: Configuraci\u00f3n &gt; Opciones &gt; Avanzado &gt; Cookies Para m\u00e1s informaci\u00f3n, puede consultar el soporte de Opera o la Ayuda del navegador.<\/li>\n<\/ol>\n<p>Si usa otro navegador distinto a los anteriores, consulte su pol\u00edtica de instalaci\u00f3n, uso y bloqueo de cookies.<\/p>\n<p>Este sitio web no se hace responsable del contenido ni de la veracidad de las pol\u00edticas de privacidad que puedan tener los terceros mencionados en esta pol\u00edtica de cookies.<\/p>\n<p>[\/vc_column_text][\/vc_column][\/vc_row]<\/p>\n","protected":false},"excerpt":{"rendered":"<p>[vc_row][vc_column][vc_column_text] En cumplimiento de la Ley 34\/2002 de 11 de julio de Servicios de la Sociedad de la Informaci\u00f3n y [&hellip;]<\/p>\n","protected":false},"author":1,"featured_media":0,"parent":0,"menu_order":7,"comment_status":"closed","ping_status":"closed","template":"","meta":{"footnotes":""},"class_list":["post-81","page","type-page","status-publish","hentry"],"_links":{"self":[{"href":"https:\/\/hotel-puertadeespana.com\/en\/wp-json\/wp\/v2\/pages\/81","targetHints":{"allow":["GET"]}}],"collection":[{"href":"https:\/\/hotel-puertadeespana.com\/en\/wp-json\/wp\/v2\/pages"}],"about":[{"href":"https:\/\/hotel-puertadeespana.com\/en\/wp-json\/wp\/v2\/types\/page"}],"author":[{"embeddable":true,"href":"https:\/\/hotel-puertadeespana.com\/en\/wp-json\/wp\/v2\/users\/1"}],"replies":[{"embeddable":true,"href":"https:\/\/hotel-puertadeespana.com\/en\/wp-json\/wp\/v2\/comments?post=81"}],"version-history":[{"count":6,"href":"https:\/\/hotel-puertadeespana.com\/en\/wp-json\/wp\/v2\/pages\/81\/revisions"}],"predecessor-version":[{"id":559,"href":"https:\/\/hotel-puertadeespana.com\/en\/wp-json\/wp\/v2\/pages\/81\/revisions\/559"}],"wp:attachment":[{"href":"https:\/\/hotel-puertadeespana.com\/en\/wp-json\/wp\/v2\/media?parent=81"}],"curies":[{"name":"wp","href":"https:\/\/api.w.org\/{rel}","templated":true}]}}